{"id":1050,"date":"2024-09-04T18:24:15","date_gmt":"2024-09-05T01:24:15","guid":{"rendered":"https:\/\/baleazulart.com\/gallery\/?page_id=1050"},"modified":"2026-04-13T16:41:44","modified_gmt":"2026-04-13T23:41:44","slug":"1050-2","status":"publish","type":"page","link":"https:\/\/baleazulart.com\/gallery\/","title":{"rendered":""},"content":{"rendered":"<p>[et_pb_section fb_built=\u00bb1&#8243; _builder_version=\u00bb4.27.4&#8243; _module_preset=\u00bbdefault\u00bb global_colors_info=\u00bb{}\u00bb][et_pb_row _builder_version=\u00bb4.27.4&#8243; _module_preset=\u00bbdefault\u00bb global_colors_info=\u00bb{}\u00bb][et_pb_column type=\u00bb4_4&#8243; _builder_version=\u00bb4.27.4&#8243; _module_preset=\u00bbdefault\u00bb global_colors_info=\u00bb{}\u00bb][et_pb_text _builder_version=\u00bb4.27.4&#8243; _module_preset=\u00bbdefault\u00bb text_font=\u00bbLimelight|700|||||||\u00bb header_font=\u00bbLimelight|700|||||||\u00bb header_font_size=\u00bb50px\u00bb text_font_size_tablet=\u00bb\u00bb text_font_size_phone=\u00bb\u00bb text_font_size_last_edited=\u00bbon|phone\u00bb global_colors_info=\u00bb{}\u00bb]<\/p>\n<h1 style=\"text-align: center;\"><span>Gallery Art BA<\/span><\/h1>\n<p>[\/et_pb_text][\/et_pb_column][\/et_pb_row][\/et_pb_section][et_pb_section fb_built=\u00bb1&#8243; _builder_version=\u00bb4.21.0&#8243; _module_preset=\u00bbdefault\u00bb hover_enabled=\u00bb0&#8243; global_colors_info=\u00bb{}\u00bb sticky_enabled=\u00bb0&#8243;][et_pb_row _builder_version=\u00bb4.27.4&#8243; _module_preset=\u00bbdefault\u00bb global_colors_info=\u00bb{}\u00bb][et_pb_column type=\u00bb4_4&#8243; _builder_version=\u00bb4.27.4&#8243; _module_preset=\u00bbdefault\u00bb global_colors_info=\u00bb{}\u00bb][et_pb_shop type=\u00bblatest\u00bb posts_number=\u00bb50&#8243; columns_number=\u00bb2&#8243; _builder_version=\u00bb4.27.5&#8243; _module_preset=\u00bbdefault\u00bb hover_transition_duration=\u00bb0ms\u00bb sticky_position=\u00bbtop\u00bb sticky_offset_surrounding=\u00bboff\u00bb sticky_transition=\u00bboff\u00bb scroll_vertical_motion=\u00bb0|49|49|100|4|0|-4&#8243; scroll_fade_enable=\u00bbon\u00bb motion_trigger_start=\u00bbtop\u00bb hover_enabled=\u00bb0&#8243; global_colors_info=\u00bb{}\u00bb show_price=\u00bboff\u00bb sticky_enabled=\u00bb0&#8243;][\/et_pb_shop][\/et_pb_column][\/et_pb_row][\/et_pb_section]<\/p>\n","protected":false},"excerpt":{"rendered":"<p>Gallery Art BA<\/p>\n","protected":false},"author":1,"featured_media":0,"parent":0,"menu_order":0,"comment_status":"closed","ping_status":"closed","template":"","meta":{"_et_pb_use_builder":"on","_et_pb_old_content":"","_et_gb_content_width":"","jetpack_post_was_ever_published":false,"footnotes":""},"class_list":["post-1050","page","type-page","status-publish","hentry"],"yoast_head":"<!-- This site is optimized with the Yoast SEO plugin v27.3 - https:\/\/yoast.com\/product\/yoast-seo-wordpress\/ -->\n<title>- Gallery ArtBA<\/title>\n<meta name=\"description\" content=\"Explora y adquiere arte contempor\u00e1neo de M\u00e9xico, en nuestra galer\u00eda virtual. Galer\u00eda de Arte Compra obras \u00fanicas y ediciones limitadas, conoce a los artistas, insp\u00edrate en la creaci\u00f3n de colecciones f\u00edsicas. Galer\u00eda de Arte Encuentra la pieza ideal para tu colecci\u00f3n, decoraci\u00f3n o inversi\u00f3n. \u00a1Con\u00e9ctate con el mundo del arte hoy!\" \/>\n<meta name=\"robots\" content=\"index, follow, max-snippet:-1, max-image-preview:large, max-video-preview:-1\" \/>\n<link rel=\"canonical\" href=\"https:\/\/baleazulart.com\/gallery\/\" \/>\n<meta property=\"og:locale\" content=\"es_ES\" \/>\n<meta property=\"og:type\" content=\"article\" \/>\n<meta property=\"og:title\" content=\"- Gallery ArtBA\" \/>\n<meta property=\"og:description\" content=\"Explora y adquiere arte contempor\u00e1neo de M\u00e9xico, en nuestra galer\u00eda virtual. Galer\u00eda de Arte Compra obras \u00fanicas y ediciones limitadas, conoce a los artistas, insp\u00edrate en la creaci\u00f3n de colecciones f\u00edsicas. Galer\u00eda de Arte Encuentra la pieza ideal para tu colecci\u00f3n, decoraci\u00f3n o inversi\u00f3n. \u00a1Con\u00e9ctate con el mundo del arte hoy!\" \/>\n<meta property=\"og:url\" content=\"https:\/\/baleazulart.com\/gallery\/\" \/>\n<meta property=\"og:site_name\" content=\"Gallery ArtBA\" \/>\n<meta property=\"article:publisher\" content=\"https:\/\/www.instagram.com\/gallery_art_ba\/\" \/>\n<meta property=\"article:modified_time\" content=\"2026-04-13T23:41:44+00:00\" \/>\n<meta name=\"twitter:card\" content=\"summary_large_image\" \/>\n<meta name=\"twitter:label1\" content=\"Tiempo de lectura\" \/>\n\t<meta name=\"twitter:data1\" content=\"3 minutos\" \/>\n<script type=\"application\/ld+json\" class=\"yoast-schema-graph\">{\"@context\":\"https:\\\/\\\/schema.org\",\"@graph\":[{\"@type\":\"WebPage\",\"@id\":\"https:\\\/\\\/baleazulart.com\\\/gallery\\\/\",\"url\":\"https:\\\/\\\/baleazulart.com\\\/gallery\\\/\",\"name\":\"- Gallery ArtBA\",\"isPartOf\":{\"@id\":\"https:\\\/\\\/baleazulart.com\\\/gallery\\\/#website\"},\"datePublished\":\"2024-09-05T01:24:15+00:00\",\"dateModified\":\"2026-04-13T23:41:44+00:00\",\"description\":\"Explora y adquiere arte contempor\u00e1neo de M\u00e9xico, en nuestra galer\u00eda virtual. Galer\u00eda de Arte Compra obras \u00fanicas y ediciones limitadas, conoce a los artistas, insp\u00edrate en la creaci\u00f3n de colecciones f\u00edsicas. Galer\u00eda de Arte Encuentra la pieza ideal para tu colecci\u00f3n, decoraci\u00f3n o inversi\u00f3n. \u00a1Con\u00e9ctate con el mundo del arte hoy!\",\"inLanguage\":\"es\",\"potentialAction\":[{\"@type\":\"ReadAction\",\"target\":[\"https:\\\/\\\/baleazulart.com\\\/gallery\\\/\"]}]},{\"@type\":\"WebSite\",\"@id\":\"https:\\\/\\\/baleazulart.com\\\/gallery\\\/#website\",\"url\":\"https:\\\/\\\/baleazulart.com\\\/gallery\\\/\",\"name\":\"Gallery ArtBA\",\"description\":\"Galer\u00eda de Arte\",\"publisher\":{\"@id\":\"https:\\\/\\\/baleazulart.com\\\/gallery\\\/#organization\"},\"potentialAction\":[{\"@type\":\"SearchAction\",\"target\":{\"@type\":\"EntryPoint\",\"urlTemplate\":\"https:\\\/\\\/baleazulart.com\\\/gallery\\\/?s={search_term_string}\"},\"query-input\":{\"@type\":\"PropertyValueSpecification\",\"valueRequired\":true,\"valueName\":\"search_term_string\"}}],\"inLanguage\":\"es\"},{\"@type\":\"Organization\",\"@id\":\"https:\\\/\\\/baleazulart.com\\\/gallery\\\/#organization\",\"name\":\"Gallery ArtBA\",\"url\":\"https:\\\/\\\/baleazulart.com\\\/gallery\\\/\",\"logo\":{\"@type\":\"ImageObject\",\"inLanguage\":\"es\",\"@id\":\"https:\\\/\\\/baleazulart.com\\\/gallery\\\/#\\\/schema\\\/logo\\\/image\\\/\",\"url\":\"https:\\\/\\\/baleazulart.com\\\/gallery\\\/wp-content\\\/uploads\\\/2024\\\/10\\\/logo-c.png\",\"contentUrl\":\"https:\\\/\\\/baleazulart.com\\\/gallery\\\/wp-content\\\/uploads\\\/2024\\\/10\\\/logo-c.png\",\"width\":500,\"height\":500,\"caption\":\"Gallery ArtBA\"},\"image\":{\"@id\":\"https:\\\/\\\/baleazulart.com\\\/gallery\\\/#\\\/schema\\\/logo\\\/image\\\/\"},\"sameAs\":[\"https:\\\/\\\/www.instagram.com\\\/gallery_art_ba\\\/\",\"https:\\\/\\\/www.tiktok.com\\\/@gallery.artba\"]}]}<\/script>\n<!-- \/ Yoast SEO plugin. -->","yoast_head_json":{"title":"- Gallery ArtBA","description":"Explora y adquiere arte contempor\u00e1neo de M\u00e9xico, en nuestra galer\u00eda virtual. Galer\u00eda de Arte Compra obras \u00fanicas y ediciones limitadas, conoce a los artistas, insp\u00edrate en la creaci\u00f3n de colecciones f\u00edsicas. Galer\u00eda de Arte Encuentra la pieza ideal para tu colecci\u00f3n, decoraci\u00f3n o inversi\u00f3n. \u00a1Con\u00e9ctate con el mundo del arte hoy!","robots":{"index":"index","follow":"follow","max-snippet":"max-snippet:-1","max-image-preview":"max-image-preview:large","max-video-preview":"max-video-preview:-1"},"canonical":"https:\/\/baleazulart.com\/gallery\/","og_locale":"es_ES","og_type":"article","og_title":"- Gallery ArtBA","og_description":"Explora y adquiere arte contempor\u00e1neo de M\u00e9xico, en nuestra galer\u00eda virtual. Galer\u00eda de Arte Compra obras \u00fanicas y ediciones limitadas, conoce a los artistas, insp\u00edrate en la creaci\u00f3n de colecciones f\u00edsicas. Galer\u00eda de Arte Encuentra la pieza ideal para tu colecci\u00f3n, decoraci\u00f3n o inversi\u00f3n. \u00a1Con\u00e9ctate con el mundo del arte hoy!","og_url":"https:\/\/baleazulart.com\/gallery\/","og_site_name":"Gallery ArtBA","article_publisher":"https:\/\/www.instagram.com\/gallery_art_ba\/","article_modified_time":"2026-04-13T23:41:44+00:00","twitter_card":"summary_large_image","twitter_misc":{"Tiempo de lectura":"3 minutos"},"schema":{"@context":"https:\/\/schema.org","@graph":[{"@type":"WebPage","@id":"https:\/\/baleazulart.com\/gallery\/","url":"https:\/\/baleazulart.com\/gallery\/","name":"- Gallery ArtBA","isPartOf":{"@id":"https:\/\/baleazulart.com\/gallery\/#website"},"datePublished":"2024-09-05T01:24:15+00:00","dateModified":"2026-04-13T23:41:44+00:00","description":"Explora y adquiere arte contempor\u00e1neo de M\u00e9xico, en nuestra galer\u00eda virtual. Galer\u00eda de Arte Compra obras \u00fanicas y ediciones limitadas, conoce a los artistas, insp\u00edrate en la creaci\u00f3n de colecciones f\u00edsicas. Galer\u00eda de Arte Encuentra la pieza ideal para tu colecci\u00f3n, decoraci\u00f3n o inversi\u00f3n. \u00a1Con\u00e9ctate con el mundo del arte hoy!","inLanguage":"es","potentialAction":[{"@type":"ReadAction","target":["https:\/\/baleazulart.com\/gallery\/"]}]},{"@type":"WebSite","@id":"https:\/\/baleazulart.com\/gallery\/#website","url":"https:\/\/baleazulart.com\/gallery\/","name":"Gallery ArtBA","description":"Galer\u00eda de Arte","publisher":{"@id":"https:\/\/baleazulart.com\/gallery\/#organization"},"potentialAction":[{"@type":"SearchAction","target":{"@type":"EntryPoint","urlTemplate":"https:\/\/baleazulart.com\/gallery\/?s={search_term_string}"},"query-input":{"@type":"PropertyValueSpecification","valueRequired":true,"valueName":"search_term_string"}}],"inLanguage":"es"},{"@type":"Organization","@id":"https:\/\/baleazulart.com\/gallery\/#organization","name":"Gallery ArtBA","url":"https:\/\/baleazulart.com\/gallery\/","logo":{"@type":"ImageObject","inLanguage":"es","@id":"https:\/\/baleazulart.com\/gallery\/#\/schema\/logo\/image\/","url":"https:\/\/baleazulart.com\/gallery\/wp-content\/uploads\/2024\/10\/logo-c.png","contentUrl":"https:\/\/baleazulart.com\/gallery\/wp-content\/uploads\/2024\/10\/logo-c.png","width":500,"height":500,"caption":"Gallery ArtBA"},"image":{"@id":"https:\/\/baleazulart.com\/gallery\/#\/schema\/logo\/image\/"},"sameAs":["https:\/\/www.instagram.com\/gallery_art_ba\/","https:\/\/www.tiktok.com\/@gallery.artba"]}]}},"jetpack_sharing_enabled":true,"jetpack_shortlink":"https:\/\/wp.me\/P889Zf-gW","_links":{"self":[{"href":"https:\/\/baleazulart.com\/gallery\/wp-json\/wp\/v2\/pages\/1050","targetHints":{"allow":["GET"]}}],"collection":[{"href":"https:\/\/baleazulart.com\/gallery\/wp-json\/wp\/v2\/pages"}],"about":[{"href":"https:\/\/baleazulart.com\/gallery\/wp-json\/wp\/v2\/types\/page"}],"author":[{"embeddable":true,"href":"https:\/\/baleazulart.com\/gallery\/wp-json\/wp\/v2\/users\/1"}],"replies":[{"embeddable":true,"href":"https:\/\/baleazulart.com\/gallery\/wp-json\/wp\/v2\/comments?post=1050"}],"version-history":[{"count":37,"href":"https:\/\/baleazulart.com\/gallery\/wp-json\/wp\/v2\/pages\/1050\/revisions"}],"predecessor-version":[{"id":1693,"href":"https:\/\/baleazulart.com\/gallery\/wp-json\/wp\/v2\/pages\/1050\/revisions\/1693"}],"wp:attachment":[{"href":"https:\/\/baleazulart.com\/gallery\/wp-json\/wp\/v2\/media?parent=1050"}],"curies":[{"name":"wp","href":"https:\/\/api.w.org\/{rel}","templated":true}]}}