{"id":1508,"date":"2024-09-24T16:41:43","date_gmt":"2024-09-24T23:41:43","guid":{"rendered":"https:\/\/baleazulart.com\/gallery\/?page_id=1508"},"modified":"2024-09-24T19:04:39","modified_gmt":"2024-09-25T02:04:39","slug":"contacto","status":"publish","type":"page","link":"https:\/\/baleazulart.com\/gallery\/contacto\/","title":{"rendered":"Contacto"},"content":{"rendered":"<p>[et_pb_section fb_built=\u00bb1&#8243; admin_label=\u00bbHeader\u00bb _builder_version=\u00bb4.21.0&#8243; _module_preset=\u00bbdefault\u00bb background_enable_image=\u00bboff\u00bb background_size=\u00bbinitial\u00bb background_repeat=\u00bbrepeat\u00bb global_colors_info=\u00bb{}\u00bb][et_pb_row custom_padding_last_edited=\u00bboff|phone\u00bb _builder_version=\u00bb4.16&#8243; _module_preset=\u00bbdefault\u00bb background_position=\u00bbbottom_center\u00bb custom_padding_tablet=\u00bb17vw||17vw||false\u00bb use_custom_width=\u00bbon\u00bb width_unit=\u00bboff\u00bb custom_width_percent=\u00bb100%\u00bb locked=\u00bboff\u00bb global_colors_info=\u00bb{}\u00bb][et_pb_column type=\u00bb4_4&#8243; _builder_version=\u00bb4.16&#8243; _module_preset=\u00bbdefault\u00bb custom_padding=\u00bb|||\u00bb global_colors_info=\u00bb{}\u00bb custom_padding__hover=\u00bb|||\u00bb][et_pb_text _builder_version=\u00bb4.27.0&#8243; _module_preset=\u00bbdefault\u00bb text_font=\u00bb||||||||\u00bb header_font=\u00bb||||||||\u00bb header_2_font=\u00bbPrata|500|||||||\u00bb header_2_text_align=\u00bbleft\u00bb header_2_font_size=\u00bb56px\u00bb header_2_line_height=\u00bb1.3em\u00bb transform_translate_linked=\u00bboff\u00bb max_width=\u00bb100%\u00bb max_width_tablet=\u00bb70%\u00bb max_width_last_edited=\u00bboff|phone\u00bb animation_style=\u00bbfade\u00bb header_2_font_size_tablet=\u00bb40px\u00bb header_2_font_size_phone=\u00bb26px\u00bb header_2_font_size_last_edited=\u00bbon|desktop\u00bb global_colors_info=\u00bb{}\u00bb]<\/p>\n<h2>Contacto:<\/h2>\n<p>[\/et_pb_text][\/et_pb_column][\/et_pb_row][et_pb_row _builder_version=\u00bb4.27.0&#8243; _module_preset=\u00bbdefault\u00bb global_colors_info=\u00bb{}\u00bb][et_pb_column type=\u00bb4_4&#8243; _builder_version=\u00bb4.27.0&#8243; _module_preset=\u00bbdefault\u00bb global_colors_info=\u00bb{}\u00bb][et_pb_contact_form email=\u00bbgallery@baleazulart.com\u00bb _builder_version=\u00bb4.27.0&#8243; _module_preset=\u00bbdefault\u00bb _unique_id=\u00bb7c6aa933-6802-47f4-93e2-8dafb8f213eb\u00bb global_colors_info=\u00bb{}\u00bb][et_pb_contact_field field_id=\u00bbName\u00bb field_title=\u00bbNombre\u00bb _builder_version=\u00bb4.16&#8243; global_colors_info=\u00bb{}\u00bb button_text_size__hover_enabled=\u00bboff\u00bb button_one_text_size__hover_enabled=\u00bboff\u00bb button_two_text_size__hover_enabled=\u00bboff\u00bb button_text_color__hover_enabled=\u00bboff\u00bb button_one_text_color__hover_enabled=\u00bboff\u00bb button_two_text_color__hover_enabled=\u00bboff\u00bb button_border_width__hover_enabled=\u00bboff\u00bb button_one_border_width__hover_enabled=\u00bboff\u00bb button_two_border_width__hover_enabled=\u00bboff\u00bb button_border_color__hover_enabled=\u00bboff\u00bb button_one_border_color__hover_enabled=\u00bboff\u00bb button_two_border_color__hover_enabled=\u00bboff\u00bb button_border_radius__hover_enabled=\u00bboff\u00bb button_one_border_radius__hover_enabled=\u00bboff\u00bb button_two_border_radius__hover_enabled=\u00bboff\u00bb button_letter_spacing__hover_enabled=\u00bboff\u00bb button_one_letter_spacing__hover_enabled=\u00bboff\u00bb button_two_letter_spacing__hover_enabled=\u00bboff\u00bb button_bg_color__hover_enabled=\u00bboff\u00bb button_one_bg_color__hover_enabled=\u00bboff\u00bb button_two_bg_color__hover_enabled=\u00bboff\u00bb][\/et_pb_contact_field][et_pb_contact_field field_id=\u00bbEmail\u00bb field_title=\u00bbDirecci\u00f3n de correo electr\u00f3nico\u00bb field_type=\u00bbemail\u00bb _builder_version=\u00bb4.16&#8243; global_colors_info=\u00bb{}\u00bb button_text_size__hover_enabled=\u00bboff\u00bb button_one_text_size__hover_enabled=\u00bboff\u00bb button_two_text_size__hover_enabled=\u00bboff\u00bb button_text_color__hover_enabled=\u00bboff\u00bb button_one_text_color__hover_enabled=\u00bboff\u00bb button_two_text_color__hover_enabled=\u00bboff\u00bb button_border_width__hover_enabled=\u00bboff\u00bb button_one_border_width__hover_enabled=\u00bboff\u00bb button_two_border_width__hover_enabled=\u00bboff\u00bb button_border_color__hover_enabled=\u00bboff\u00bb button_one_border_color__hover_enabled=\u00bboff\u00bb button_two_border_color__hover_enabled=\u00bboff\u00bb button_border_radius__hover_enabled=\u00bboff\u00bb button_one_border_radius__hover_enabled=\u00bboff\u00bb button_two_border_radius__hover_enabled=\u00bboff\u00bb button_letter_spacing__hover_enabled=\u00bboff\u00bb button_one_letter_spacing__hover_enabled=\u00bboff\u00bb button_two_letter_spacing__hover_enabled=\u00bboff\u00bb button_bg_color__hover_enabled=\u00bboff\u00bb button_one_bg_color__hover_enabled=\u00bboff\u00bb button_two_bg_color__hover_enabled=\u00bboff\u00bb][\/et_pb_contact_field][et_pb_contact_field field_id=\u00bbMessage\u00bb field_title=\u00bbMensaje\u00bb field_type=\u00bbtext\u00bb fullwidth_field=\u00bbon\u00bb _builder_version=\u00bb4.16&#8243; global_colors_info=\u00bb{}\u00bb button_text_size__hover_enabled=\u00bboff\u00bb button_one_text_size__hover_enabled=\u00bboff\u00bb button_two_text_size__hover_enabled=\u00bboff\u00bb button_text_color__hover_enabled=\u00bboff\u00bb button_one_text_color__hover_enabled=\u00bboff\u00bb button_two_text_color__hover_enabled=\u00bboff\u00bb button_border_width__hover_enabled=\u00bboff\u00bb button_one_border_width__hover_enabled=\u00bboff\u00bb button_two_border_width__hover_enabled=\u00bboff\u00bb button_border_color__hover_enabled=\u00bboff\u00bb button_one_border_color__hover_enabled=\u00bboff\u00bb button_two_border_color__hover_enabled=\u00bboff\u00bb button_border_radius__hover_enabled=\u00bboff\u00bb button_one_border_radius__hover_enabled=\u00bboff\u00bb button_two_border_radius__hover_enabled=\u00bboff\u00bb button_letter_spacing__hover_enabled=\u00bboff\u00bb button_one_letter_spacing__hover_enabled=\u00bboff\u00bb button_two_letter_spacing__hover_enabled=\u00bboff\u00bb button_bg_color__hover_enabled=\u00bboff\u00bb button_one_bg_color__hover_enabled=\u00bboff\u00bb button_two_bg_color__hover_enabled=\u00bboff\u00bb][\/et_pb_contact_field][\/et_pb_contact_form][\/et_pb_column][\/et_pb_row][\/et_pb_section][et_pb_section fb_built=\u00bb1&#8243; _builder_version=\u00bb4.27.0&#8243; _module_preset=\u00bbdefault\u00bb global_colors_info=\u00bb{}\u00bb][et_pb_row _builder_version=\u00bb4.27.0&#8243; _module_preset=\u00bbdefault\u00bb global_colors_info=\u00bb{}\u00bb][et_pb_column type=\u00bb4_4&#8243; _builder_version=\u00bb4.27.0&#8243; _module_preset=\u00bbdefault\u00bb global_colors_info=\u00bb{}\u00bb][et_pb_accordion _builder_version=\u00bb4.27.0&#8243; _module_preset=\u00bbdefault\u00bb hover_enabled=\u00bb0&#8243; global_colors_info=\u00bb{}\u00bb sticky_enabled=\u00bb0&#8243;][et_pb_accordion_item title=\u00bbPreguntas Freacuentes\u00bb _builder_version=\u00bb4.27.0&#8243; _module_preset=\u00bbdefault\u00bb global_colors_info=\u00bb{}\u00bb open=\u00bboff\u00bb][\/et_pb_accordion_item][et_pb_accordion_item title=\u00bbVivo en Ensenada\u00bb open=\u00bbon\u00bb open_toggle_background_color=\u00bb#f7f7f7&#8243; _builder_version=\u00bb4.27.0&#8243; _module_preset=\u00bbdefault\u00bb hover_enabled=\u00bb0&#8243; box_shadow_style=\u00bbpreset3&#8243; global_colors_info=\u00bb{}\u00bb closed_toggle_background_color=\u00bb#a8b07b\u00bb sticky_enabled=\u00bb0&#8243;]<\/p>\n<p>Si vives en la zona urbana de Ensenada B.C. M\u00e9xico. utiliza el cupon de descuento: <strong>ensenada<\/strong> para obtener env\u00edo gratuito<\/p>\n<p>[\/et_pb_accordion_item][et_pb_accordion_item title=\u00bbfactura\u00bb _builder_version=\u00bb4.27.0&#8243; _module_preset=\u00bbdefault\u00bb global_colors_info=\u00bb{}\u00bb open=\u00bboff\u00bb]<\/p>\n<p>Proporcione los datos de facturaci\u00f3n al realizar su compra, tambi\u00e9n puede enviar la informaci\u00f3n a: <a href=\"mailto:gallery@baleazulart.com\">gallery@baleazulart.com<\/a><\/p>\n<p>[\/et_pb_accordion_item][et_pb_accordion_item title=\u00bbCertificado de autenticidad\u00bb closed_toggle_background_color=\u00bb#a8b07b\u00bb _builder_version=\u00bb4.27.0&#8243; _module_preset=\u00bbdefault\u00bb global_colors_info=\u00bb{}\u00bb open=\u00bboff\u00bb]<\/p>\n<p>Todas las piezas se entregan con certificado de autenticidad, realizado por quien elabora la pieza.<\/p>\n<p>[\/et_pb_accordion_item][et_pb_accordion_item title=\u00bbDudas\u00bb _builder_version=\u00bb4.27.0&#8243; _module_preset=\u00bbdefault\u00bb global_colors_info=\u00bb{}\u00bb open=\u00bboff\u00bb]<\/p>\n<p>Contactar para m\u00e1s informaci\u00f3n a: <a href=\"mailto:gallery@baleazulart.com\">gallery@baleazulart.com<\/a><\/p>\n<p>[\/et_pb_accordion_item][\/et_pb_accordion][\/et_pb_column][\/et_pb_row][\/et_pb_section]<\/p>\n","protected":false},"excerpt":{"rendered":"<p>Contacto:Si vives en la zona urbana de Ensenada B.C. M\u00e9xico. utiliza el cupon de descuento: ensenada para obtener env\u00edo gratuitoProporcione los datos de facturaci\u00f3n al realizar su compra, tambi\u00e9n puede enviar la informaci\u00f3n a: gallery@baleazulart.comTodas las piezas se entregan con certificado de autenticidad, realizado por quien elabora la pieza.Contactar para m\u00e1s informaci\u00f3n a: gallery@baleazulart.com<\/p>\n","protected":false},"author":1,"featured_media":0,"parent":0,"menu_order":0,"comment_status":"closed","ping_status":"closed","template":"","meta":{"_et_pb_use_builder":"on","_et_pb_old_content":"","_et_gb_content_width":"","jetpack_post_was_ever_published":false,"footnotes":""},"class_list":["post-1508","page","type-page","status-publish","hentry"],"yoast_head":"<!-- This site is optimized with the Yoast SEO plugin v27.3 - https:\/\/yoast.com\/product\/yoast-seo-wordpress\/ -->\n<title>Contacto - Gallery ArtBA<\/title>\n<meta name=\"robots\" content=\"index, follow, max-snippet:-1, max-image-preview:large, max-video-preview:-1\" \/>\n<link rel=\"canonical\" href=\"https:\/\/baleazulart.com\/gallery\/contacto\/\" \/>\n<meta property=\"og:locale\" content=\"es_ES\" \/>\n<meta property=\"og:type\" content=\"article\" \/>\n<meta property=\"og:title\" content=\"Contacto - Gallery ArtBA\" \/>\n<meta property=\"og:description\" content=\"Contacto:Si vives en la zona urbana de Ensenada B.C. M\u00e9xico. utiliza el cupon de descuento: ensenada para obtener env\u00edo gratuitoProporcione los datos de facturaci\u00f3n al realizar su compra, tambi\u00e9n puede enviar la informaci\u00f3n a: gallery@baleazulart.comTodas las piezas se entregan con certificado de autenticidad, realizado por quien elabora la pieza.Contactar para m\u00e1s informaci\u00f3n a: gallery@baleazulart.com\" \/>\n<meta property=\"og:url\" content=\"https:\/\/baleazulart.com\/gallery\/contacto\/\" \/>\n<meta property=\"og:site_name\" content=\"Gallery ArtBA\" \/>\n<meta property=\"article:publisher\" content=\"https:\/\/www.instagram.com\/gallery_art_ba\/\" \/>\n<meta property=\"article:modified_time\" content=\"2024-09-25T02:04:39+00:00\" \/>\n<meta name=\"twitter:card\" content=\"summary_large_image\" \/>\n<meta name=\"twitter:label1\" content=\"Tiempo de lectura\" \/>\n\t<meta name=\"twitter:data1\" content=\"5 minutos\" \/>\n<script type=\"application\/ld+json\" class=\"yoast-schema-graph\">{\"@context\":\"https:\\\/\\\/schema.org\",\"@graph\":[{\"@type\":\"WebPage\",\"@id\":\"https:\\\/\\\/baleazulart.com\\\/gallery\\\/contacto\\\/\",\"url\":\"https:\\\/\\\/baleazulart.com\\\/gallery\\\/contacto\\\/\",\"name\":\"Contacto - Gallery ArtBA\",\"isPartOf\":{\"@id\":\"https:\\\/\\\/baleazulart.com\\\/gallery\\\/#website\"},\"datePublished\":\"2024-09-24T23:41:43+00:00\",\"dateModified\":\"2024-09-25T02:04:39+00:00\",\"breadcrumb\":{\"@id\":\"https:\\\/\\\/baleazulart.com\\\/gallery\\\/contacto\\\/#breadcrumb\"},\"inLanguage\":\"es\",\"potentialAction\":[{\"@type\":\"ReadAction\",\"target\":[\"https:\\\/\\\/baleazulart.com\\\/gallery\\\/contacto\\\/\"]}]},{\"@type\":\"BreadcrumbList\",\"@id\":\"https:\\\/\\\/baleazulart.com\\\/gallery\\\/contacto\\\/#breadcrumb\",\"itemListElement\":[{\"@type\":\"ListItem\",\"position\":1,\"name\":\"Portada\",\"item\":\"https:\\\/\\\/baleazulart.com\\\/gallery\\\/\"},{\"@type\":\"ListItem\",\"position\":2,\"name\":\"Contacto\"}]},{\"@type\":\"WebSite\",\"@id\":\"https:\\\/\\\/baleazulart.com\\\/gallery\\\/#website\",\"url\":\"https:\\\/\\\/baleazulart.com\\\/gallery\\\/\",\"name\":\"Gallery ArtBA\",\"description\":\"Galer\u00eda de Arte\",\"publisher\":{\"@id\":\"https:\\\/\\\/baleazulart.com\\\/gallery\\\/#organization\"},\"potentialAction\":[{\"@type\":\"SearchAction\",\"target\":{\"@type\":\"EntryPoint\",\"urlTemplate\":\"https:\\\/\\\/baleazulart.com\\\/gallery\\\/?s={search_term_string}\"},\"query-input\":{\"@type\":\"PropertyValueSpecification\",\"valueRequired\":true,\"valueName\":\"search_term_string\"}}],\"inLanguage\":\"es\"},{\"@type\":\"Organization\",\"@id\":\"https:\\\/\\\/baleazulart.com\\\/gallery\\\/#organization\",\"name\":\"Gallery ArtBA\",\"url\":\"https:\\\/\\\/baleazulart.com\\\/gallery\\\/\",\"logo\":{\"@type\":\"ImageObject\",\"inLanguage\":\"es\",\"@id\":\"https:\\\/\\\/baleazulart.com\\\/gallery\\\/#\\\/schema\\\/logo\\\/image\\\/\",\"url\":\"https:\\\/\\\/baleazulart.com\\\/gallery\\\/wp-content\\\/uploads\\\/2024\\\/10\\\/logo-c.png\",\"contentUrl\":\"https:\\\/\\\/baleazulart.com\\\/gallery\\\/wp-content\\\/uploads\\\/2024\\\/10\\\/logo-c.png\",\"width\":500,\"height\":500,\"caption\":\"Gallery ArtBA\"},\"image\":{\"@id\":\"https:\\\/\\\/baleazulart.com\\\/gallery\\\/#\\\/schema\\\/logo\\\/image\\\/\"},\"sameAs\":[\"https:\\\/\\\/www.instagram.com\\\/gallery_art_ba\\\/\",\"https:\\\/\\\/www.tiktok.com\\\/@gallery.artba\"]}]}<\/script>\n<!-- \/ Yoast SEO plugin. -->","yoast_head_json":{"title":"Contacto - Gallery ArtBA","robots":{"index":"index","follow":"follow","max-snippet":"max-snippet:-1","max-image-preview":"max-image-preview:large","max-video-preview":"max-video-preview:-1"},"canonical":"https:\/\/baleazulart.com\/gallery\/contacto\/","og_locale":"es_ES","og_type":"article","og_title":"Contacto - Gallery ArtBA","og_description":"Contacto:Si vives en la zona urbana de Ensenada B.C. M\u00e9xico. utiliza el cupon de descuento: ensenada para obtener env\u00edo gratuitoProporcione los datos de facturaci\u00f3n al realizar su compra, tambi\u00e9n puede enviar la informaci\u00f3n a: gallery@baleazulart.comTodas las piezas se entregan con certificado de autenticidad, realizado por quien elabora la pieza.Contactar para m\u00e1s informaci\u00f3n a: gallery@baleazulart.com","og_url":"https:\/\/baleazulart.com\/gallery\/contacto\/","og_site_name":"Gallery ArtBA","article_publisher":"https:\/\/www.instagram.com\/gallery_art_ba\/","article_modified_time":"2024-09-25T02:04:39+00:00","twitter_card":"summary_large_image","twitter_misc":{"Tiempo de lectura":"5 minutos"},"schema":{"@context":"https:\/\/schema.org","@graph":[{"@type":"WebPage","@id":"https:\/\/baleazulart.com\/gallery\/contacto\/","url":"https:\/\/baleazulart.com\/gallery\/contacto\/","name":"Contacto - Gallery ArtBA","isPartOf":{"@id":"https:\/\/baleazulart.com\/gallery\/#website"},"datePublished":"2024-09-24T23:41:43+00:00","dateModified":"2024-09-25T02:04:39+00:00","breadcrumb":{"@id":"https:\/\/baleazulart.com\/gallery\/contacto\/#breadcrumb"},"inLanguage":"es","potentialAction":[{"@type":"ReadAction","target":["https:\/\/baleazulart.com\/gallery\/contacto\/"]}]},{"@type":"BreadcrumbList","@id":"https:\/\/baleazulart.com\/gallery\/contacto\/#breadcrumb","itemListElement":[{"@type":"ListItem","position":1,"name":"Portada","item":"https:\/\/baleazulart.com\/gallery\/"},{"@type":"ListItem","position":2,"name":"Contacto"}]},{"@type":"WebSite","@id":"https:\/\/baleazulart.com\/gallery\/#website","url":"https:\/\/baleazulart.com\/gallery\/","name":"Gallery ArtBA","description":"Galer\u00eda de Arte","publisher":{"@id":"https:\/\/baleazulart.com\/gallery\/#organization"},"potentialAction":[{"@type":"SearchAction","target":{"@type":"EntryPoint","urlTemplate":"https:\/\/baleazulart.com\/gallery\/?s={search_term_string}"},"query-input":{"@type":"PropertyValueSpecification","valueRequired":true,"valueName":"search_term_string"}}],"inLanguage":"es"},{"@type":"Organization","@id":"https:\/\/baleazulart.com\/gallery\/#organization","name":"Gallery ArtBA","url":"https:\/\/baleazulart.com\/gallery\/","logo":{"@type":"ImageObject","inLanguage":"es","@id":"https:\/\/baleazulart.com\/gallery\/#\/schema\/logo\/image\/","url":"https:\/\/baleazulart.com\/gallery\/wp-content\/uploads\/2024\/10\/logo-c.png","contentUrl":"https:\/\/baleazulart.com\/gallery\/wp-content\/uploads\/2024\/10\/logo-c.png","width":500,"height":500,"caption":"Gallery ArtBA"},"image":{"@id":"https:\/\/baleazulart.com\/gallery\/#\/schema\/logo\/image\/"},"sameAs":["https:\/\/www.instagram.com\/gallery_art_ba\/","https:\/\/www.tiktok.com\/@gallery.artba"]}]}},"jetpack_sharing_enabled":true,"jetpack_shortlink":"https:\/\/wp.me\/P889Zf-ok","_links":{"self":[{"href":"https:\/\/baleazulart.com\/gallery\/wp-json\/wp\/v2\/pages\/1508","targetHints":{"allow":["GET"]}}],"collection":[{"href":"https:\/\/baleazulart.com\/gallery\/wp-json\/wp\/v2\/pages"}],"about":[{"href":"https:\/\/baleazulart.com\/gallery\/wp-json\/wp\/v2\/types\/page"}],"author":[{"embeddable":true,"href":"https:\/\/baleazulart.com\/gallery\/wp-json\/wp\/v2\/users\/1"}],"replies":[{"embeddable":true,"href":"https:\/\/baleazulart.com\/gallery\/wp-json\/wp\/v2\/comments?post=1508"}],"version-history":[{"count":6,"href":"https:\/\/baleazulart.com\/gallery\/wp-json\/wp\/v2\/pages\/1508\/revisions"}],"predecessor-version":[{"id":1525,"href":"https:\/\/baleazulart.com\/gallery\/wp-json\/wp\/v2\/pages\/1508\/revisions\/1525"}],"wp:attachment":[{"href":"https:\/\/baleazulart.com\/gallery\/wp-json\/wp\/v2\/media?parent=1508"}],"curies":[{"name":"wp","href":"https:\/\/api.w.org\/{rel}","templated":true}]}}