{"id":1594,"date":"2025-01-22T18:32:04","date_gmt":"2025-01-23T01:32:04","guid":{"rendered":"https:\/\/baleazulart.com\/gallery\/?post_type=product&#038;p=1594"},"modified":"2025-01-22T19:54:50","modified_gmt":"2025-01-23T02:54:50","slug":"ninfa-de-hoja-de-vid","status":"publish","type":"product","link":"https:\/\/baleazulart.com\/gallery\/producto\/ninfa-de-hoja-de-vid\/","title":{"rendered":"Ninfa de hoja de vid"},"content":{"rendered":"<p>[et_pb_section fb_built=\u00bb1&#8243; _builder_version=\u00bb4.16&#8243; background_color=\u00bbrgba(255, 255, 255, 0)\u00bb custom_padding=\u00bb0px||||false|false\u00bb global_colors_info=\u00bb{}\u00bb][et_pb_row _builder_version=\u00bb4.16&#8243; background_size=\u00bbinitial\u00bb background_position=\u00bbtop_left\u00bb background_repeat=\u00bbrepeat\u00bb width=\u00bb100%\u00bb custom_padding=\u00bb0px||0px||false|false\u00bb global_colors_info=\u00bb{}\u00bb][et_pb_column type=\u00bb4_4&#8243; _builder_version=\u00bb4.16&#8243; custom_padding=\u00bb|||\u00bb global_colors_info=\u00bb{}\u00bb custom_padding__hover=\u00bb|||\u00bb][et_pb_wc_breadcrumb _builder_version=\u00bb4.16&#8243; global_colors_info=\u00bb{}\u00bb][\/et_pb_wc_breadcrumb][et_pb_wc_cart_notice _builder_version=\u00bb4.16&#8243; global_colors_info=\u00bb{}\u00bb][\/et_pb_wc_cart_notice][\/et_pb_column][\/et_pb_row][et_pb_row column_structure=\u00bb1_2,1_2&#8243; _builder_version=\u00bb4.16&#8243; background_size=\u00bbinitial\u00bb background_position=\u00bbtop_left\u00bb background_repeat=\u00bbrepeat\u00bb width=\u00bb100%\u00bb custom_padding=\u00bb0px||||false|false\u00bb global_colors_info=\u00bb{}\u00bb][et_pb_column type=\u00bb1_2&#8243; _builder_version=\u00bb4.16&#8243; custom_padding=\u00bb|||\u00bb global_colors_info=\u00bb{}\u00bb custom_padding__hover=\u00bb|||\u00bb][et_pb_wc_images _builder_version=\u00bb4.27.0&#8243; background_enable_image=\u00bboff\u00bb border_width_all_image=\u00bb5px\u00bb box_shadow_style_image=\u00bbpreset4&#8243; box_shadow_blur_image=\u00bb6px\u00bb box_shadow_spread_image=\u00bb6px\u00bb global_colors_info=\u00bb{}\u00bb][\/et_pb_wc_images][\/et_pb_column][et_pb_column type=\u00bb1_2&#8243; _builder_version=\u00bb4.27.0&#8243; _module_preset=\u00bbdefault\u00bb global_colors_info=\u00bb{}\u00bb][et_pb_wc_title _builder_version=\u00bb4.21.0&#8243; header_font=\u00bbPoppins||||||||\u00bb global_colors_info=\u00bb{}\u00bb][\/et_pb_wc_title][et_pb_wc_rating _builder_version=\u00bb4.16&#8243; global_colors_info=\u00bb{}\u00bb][\/et_pb_wc_rating][et_pb_wc_price _builder_version=\u00bb4.16&#8243; global_colors_info=\u00bb{}\u00bb][\/et_pb_wc_price][et_pb_wc_description _builder_version=\u00bb4.21.0&#8243; global_colors_info=\u00bb{}\u00bb description_type__hover_enabled=\u00bbon|desktop\u00bb][\/et_pb_wc_description][et_pb_wc_add_to_cart _builder_version=\u00bb4.21.0&#8243; global_colors_info=\u00bb{}\u00bb][\/et_pb_wc_add_to_cart][et_pb_wc_meta _builder_version=\u00bb4.16&#8243; global_colors_info=\u00bb{}\u00bb][\/et_pb_wc_meta][\/et_pb_column][\/et_pb_row][et_pb_row _builder_version=\u00bb4.16&#8243; background_size=\u00bbinitial\u00bb background_position=\u00bbtop_left\u00bb background_repeat=\u00bbrepeat\u00bb width=\u00bb100%\u00bb global_colors_info=\u00bb{}\u00bb][et_pb_column type=\u00bb4_4&#8243; _builder_version=\u00bb4.16&#8243; custom_padding=\u00bb|||\u00bb global_colors_info=\u00bb{}\u00bb custom_padding__hover=\u00bb|||\u00bb][et_pb_wc_upsells columns_number=\u00bb3&#8243; _builder_version=\u00bb4.16&#8243; global_colors_info=\u00bb{}\u00bb][\/et_pb_wc_upsells][et_pb_wc_tabs active_tab_background_color=\u00bb#FFFFFF\u00bb inactive_tab_background_color=\u00bb#FFFFFF\u00bb active_tab_text_color=\u00bb#000000&#8243; _builder_version=\u00bb4.21.0&#8243; tab_text_color=\u00bb#FFFFFF\u00bb body_font=\u00bbPoppins||||||||\u00bb tab_font=\u00bbPoppins||||||||\u00bb border_width_all=\u00bb0px\u00bb border_color_all=\u00bb#FFFFFF\u00bb border_style_all=\u00bbnone\u00bb global_colors_info=\u00bb{}\u00bb] [\/et_pb_wc_tabs][et_pb_wc_related_products posts_number=\u00bb20&#8243; columns_number=\u00bb6&#8243; include_categories=\u00bb61&#8243; _builder_version=\u00bb4.27.0&#8243; global_colors_info=\u00bb{}\u00bb][\/et_pb_wc_related_products][\/et_pb_column][\/et_pb_row][\/et_pb_section]<\/p>\n","protected":false},"excerpt":{"rendered":"<p>T\u00edtulo: La ninfa de la hoja de vid.<\/p>\n<p>Autor: Fernando Flores<\/p>\n<p>T\u00e9cnica: Acr\u00edlico sobre tela.<\/p>\n<p>Tama\u00f1o: 55.8 x 66 cm. \/ 22 x 26 \u00a0inches<\/p>\n<p>A\u00f1o: 2024.<\/p>\n<p><a href=\"https:\/\/baleazulart.com\/gallery\/fernando-flores\/\">Fernando Flores<\/a><\/p>\n","protected":false},"featured_media":1595,"comment_status":"closed","ping_status":"closed","template":"","meta":{"_et_pb_use_builder":"on","_et_pb_old_content":"Sin marco.\r\n\r\n[embed]https:\/\/www.tiktok.com\/@fernandofloresart\/video\/7392756728670047493?lang=es[\/embed]","_et_gb_content_width":"","jetpack_post_was_ever_published":false,"jetpack_publicize_message":"","jetpack_publicize_feature_enabled":true,"jetpack_social_post_already_shared":true,"jetpack_social_options":{"image_generator_settings":{"template":"highway","default_image_id":0,"font":"","enabled":false},"version":2}},"product_brand":[],"product_cat":[55,61],"product_tag":[],"class_list":{"0":"post-1594","1":"product","2":"type-product","3":"status-publish","4":"has-post-thumbnail","6":"product_cat-acrilico","7":"product_cat-fernando-flores","9":"first","10":"instock","11":"sold-individually","12":"taxable","13":"shipping-taxable","14":"purchasable","15":"product-type-simple"},"yoast_head":"<!-- This site is optimized with the Yoast SEO plugin v27.3 - https:\/\/yoast.com\/product\/yoast-seo-wordpress\/ -->\n<title>Ninfa de hoja de vid - Gallery ArtBA<\/title>\n<meta name=\"description\" content=\"T\u00edtulo: La ninfa de la hoja de vid. Autor: Fernando Flores. T\u00e9cnica: Acr\u00edlico sobre tela.\" \/>\n<meta name=\"robots\" content=\"index, follow, max-snippet:-1, max-image-preview:large, max-video-preview:-1\" \/>\n<link rel=\"canonical\" href=\"https:\/\/baleazulart.com\/gallery\/producto\/ninfa-de-hoja-de-vid\/\" \/>\n<meta property=\"og:locale\" content=\"es_ES\" \/>\n<meta property=\"og:type\" content=\"article\" \/>\n<meta property=\"og:title\" content=\"Ninfa de hoja de vid - Gallery ArtBA\" \/>\n<meta property=\"og:description\" content=\"T\u00edtulo: La ninfa de la hoja de vid. Autor: Fernando Flores. T\u00e9cnica: Acr\u00edlico sobre tela.\" \/>\n<meta property=\"og:url\" content=\"https:\/\/baleazulart.com\/gallery\/producto\/ninfa-de-hoja-de-vid\/\" \/>\n<meta property=\"og:site_name\" content=\"Gallery ArtBA\" \/>\n<meta property=\"article:publisher\" content=\"https:\/\/www.instagram.com\/gallery_art_ba\/\" \/>\n<meta property=\"article:modified_time\" content=\"2025-01-23T02:54:50+00:00\" \/>\n<meta property=\"og:image\" content=\"https:\/\/baleazulart.com\/gallery\/wp-content\/uploads\/2025\/01\/Ninfa-de-hoja-de-vid-803x1024.webp\" \/>\n\t<meta property=\"og:image:width\" content=\"803\" \/>\n\t<meta property=\"og:image:height\" content=\"1024\" \/>\n\t<meta property=\"og:image:type\" content=\"image\/webp\" \/>\n<meta name=\"twitter:card\" content=\"summary_large_image\" \/>\n<meta name=\"twitter:label1\" content=\"Tiempo de lectura\" \/>\n\t<meta name=\"twitter:data1\" content=\"1 minuto\" \/>\n<script type=\"application\/ld+json\" class=\"yoast-schema-graph\">{\"@context\":\"https:\\\/\\\/schema.org\",\"@graph\":[{\"@type\":\"WebPage\",\"@id\":\"https:\\\/\\\/baleazulart.com\\\/gallery\\\/producto\\\/ninfa-de-hoja-de-vid\\\/\",\"url\":\"https:\\\/\\\/baleazulart.com\\\/gallery\\\/producto\\\/ninfa-de-hoja-de-vid\\\/\",\"name\":\"Ninfa de hoja de vid - Gallery ArtBA\",\"isPartOf\":{\"@id\":\"https:\\\/\\\/baleazulart.com\\\/gallery\\\/#website\"},\"primaryImageOfPage\":{\"@id\":\"https:\\\/\\\/baleazulart.com\\\/gallery\\\/producto\\\/ninfa-de-hoja-de-vid\\\/#primaryimage\"},\"image\":{\"@id\":\"https:\\\/\\\/baleazulart.com\\\/gallery\\\/producto\\\/ninfa-de-hoja-de-vid\\\/#primaryimage\"},\"thumbnailUrl\":\"https:\\\/\\\/baleazulart.com\\\/gallery\\\/wp-content\\\/uploads\\\/2025\\\/01\\\/Ninfa-de-hoja-de-vid.webp\",\"datePublished\":\"2025-01-23T01:32:04+00:00\",\"dateModified\":\"2025-01-23T02:54:50+00:00\",\"description\":\"T\u00edtulo: La ninfa de la hoja de vid. Autor: Fernando Flores. T\u00e9cnica: Acr\u00edlico sobre tela.\",\"breadcrumb\":{\"@id\":\"https:\\\/\\\/baleazulart.com\\\/gallery\\\/producto\\\/ninfa-de-hoja-de-vid\\\/#breadcrumb\"},\"inLanguage\":\"es\",\"potentialAction\":[{\"@type\":\"ReadAction\",\"target\":[\"https:\\\/\\\/baleazulart.com\\\/gallery\\\/producto\\\/ninfa-de-hoja-de-vid\\\/\"]}]},{\"@type\":\"ImageObject\",\"inLanguage\":\"es\",\"@id\":\"https:\\\/\\\/baleazulart.com\\\/gallery\\\/producto\\\/ninfa-de-hoja-de-vid\\\/#primaryimage\",\"url\":\"https:\\\/\\\/baleazulart.com\\\/gallery\\\/wp-content\\\/uploads\\\/2025\\\/01\\\/Ninfa-de-hoja-de-vid.webp\",\"contentUrl\":\"https:\\\/\\\/baleazulart.com\\\/gallery\\\/wp-content\\\/uploads\\\/2025\\\/01\\\/Ninfa-de-hoja-de-vid.webp\",\"width\":1568,\"height\":2000,\"caption\":\"La ninfa de la hoja de vid Acr\u00edlico sobre tela 55.8 x 66 cm. \\\/ 22 x 26 pulgadas 2024\"},{\"@type\":\"BreadcrumbList\",\"@id\":\"https:\\\/\\\/baleazulart.com\\\/gallery\\\/producto\\\/ninfa-de-hoja-de-vid\\\/#breadcrumb\",\"itemListElement\":[{\"@type\":\"ListItem\",\"position\":1,\"name\":\"Portada\",\"item\":\"https:\\\/\\\/baleazulart.com\\\/gallery\\\/\"},{\"@type\":\"ListItem\",\"position\":2,\"name\":\"Ninfa de hoja de vid\"}]},{\"@type\":\"WebSite\",\"@id\":\"https:\\\/\\\/baleazulart.com\\\/gallery\\\/#website\",\"url\":\"https:\\\/\\\/baleazulart.com\\\/gallery\\\/\",\"name\":\"Gallery ArtBA\",\"description\":\"Galer\u00eda de Arte\",\"publisher\":{\"@id\":\"https:\\\/\\\/baleazulart.com\\\/gallery\\\/#organization\"},\"potentialAction\":[{\"@type\":\"SearchAction\",\"target\":{\"@type\":\"EntryPoint\",\"urlTemplate\":\"https:\\\/\\\/baleazulart.com\\\/gallery\\\/?s={search_term_string}\"},\"query-input\":{\"@type\":\"PropertyValueSpecification\",\"valueRequired\":true,\"valueName\":\"search_term_string\"}}],\"inLanguage\":\"es\"},{\"@type\":\"Organization\",\"@id\":\"https:\\\/\\\/baleazulart.com\\\/gallery\\\/#organization\",\"name\":\"Gallery ArtBA\",\"url\":\"https:\\\/\\\/baleazulart.com\\\/gallery\\\/\",\"logo\":{\"@type\":\"ImageObject\",\"inLanguage\":\"es\",\"@id\":\"https:\\\/\\\/baleazulart.com\\\/gallery\\\/#\\\/schema\\\/logo\\\/image\\\/\",\"url\":\"https:\\\/\\\/baleazulart.com\\\/gallery\\\/wp-content\\\/uploads\\\/2024\\\/10\\\/logo-c.png\",\"contentUrl\":\"https:\\\/\\\/baleazulart.com\\\/gallery\\\/wp-content\\\/uploads\\\/2024\\\/10\\\/logo-c.png\",\"width\":500,\"height\":500,\"caption\":\"Gallery ArtBA\"},\"image\":{\"@id\":\"https:\\\/\\\/baleazulart.com\\\/gallery\\\/#\\\/schema\\\/logo\\\/image\\\/\"},\"sameAs\":[\"https:\\\/\\\/www.instagram.com\\\/gallery_art_ba\\\/\",\"https:\\\/\\\/www.tiktok.com\\\/@gallery.artba\"]}]}<\/script>\n<!-- \/ Yoast SEO plugin. -->","yoast_head_json":{"title":"Ninfa de hoja de vid - Gallery ArtBA","description":"T\u00edtulo: La ninfa de la hoja de vid. Autor: Fernando Flores. T\u00e9cnica: Acr\u00edlico sobre tela.","robots":{"index":"index","follow":"follow","max-snippet":"max-snippet:-1","max-image-preview":"max-image-preview:large","max-video-preview":"max-video-preview:-1"},"canonical":"https:\/\/baleazulart.com\/gallery\/producto\/ninfa-de-hoja-de-vid\/","og_locale":"es_ES","og_type":"article","og_title":"Ninfa de hoja de vid - Gallery ArtBA","og_description":"T\u00edtulo: La ninfa de la hoja de vid. Autor: Fernando Flores. T\u00e9cnica: Acr\u00edlico sobre tela.","og_url":"https:\/\/baleazulart.com\/gallery\/producto\/ninfa-de-hoja-de-vid\/","og_site_name":"Gallery ArtBA","article_publisher":"https:\/\/www.instagram.com\/gallery_art_ba\/","article_modified_time":"2025-01-23T02:54:50+00:00","og_image":[{"width":803,"height":1024,"url":"https:\/\/baleazulart.com\/gallery\/wp-content\/uploads\/2025\/01\/Ninfa-de-hoja-de-vid-803x1024.webp","type":"image\/webp"}],"twitter_card":"summary_large_image","twitter_misc":{"Tiempo de lectura":"1 minuto"},"schema":{"@context":"https:\/\/schema.org","@graph":[{"@type":"WebPage","@id":"https:\/\/baleazulart.com\/gallery\/producto\/ninfa-de-hoja-de-vid\/","url":"https:\/\/baleazulart.com\/gallery\/producto\/ninfa-de-hoja-de-vid\/","name":"Ninfa de hoja de vid - Gallery ArtBA","isPartOf":{"@id":"https:\/\/baleazulart.com\/gallery\/#website"},"primaryImageOfPage":{"@id":"https:\/\/baleazulart.com\/gallery\/producto\/ninfa-de-hoja-de-vid\/#primaryimage"},"image":{"@id":"https:\/\/baleazulart.com\/gallery\/producto\/ninfa-de-hoja-de-vid\/#primaryimage"},"thumbnailUrl":"https:\/\/baleazulart.com\/gallery\/wp-content\/uploads\/2025\/01\/Ninfa-de-hoja-de-vid.webp","datePublished":"2025-01-23T01:32:04+00:00","dateModified":"2025-01-23T02:54:50+00:00","description":"T\u00edtulo: La ninfa de la hoja de vid. Autor: Fernando Flores. T\u00e9cnica: Acr\u00edlico sobre tela.","breadcrumb":{"@id":"https:\/\/baleazulart.com\/gallery\/producto\/ninfa-de-hoja-de-vid\/#breadcrumb"},"inLanguage":"es","potentialAction":[{"@type":"ReadAction","target":["https:\/\/baleazulart.com\/gallery\/producto\/ninfa-de-hoja-de-vid\/"]}]},{"@type":"ImageObject","inLanguage":"es","@id":"https:\/\/baleazulart.com\/gallery\/producto\/ninfa-de-hoja-de-vid\/#primaryimage","url":"https:\/\/baleazulart.com\/gallery\/wp-content\/uploads\/2025\/01\/Ninfa-de-hoja-de-vid.webp","contentUrl":"https:\/\/baleazulart.com\/gallery\/wp-content\/uploads\/2025\/01\/Ninfa-de-hoja-de-vid.webp","width":1568,"height":2000,"caption":"La ninfa de la hoja de vid Acr\u00edlico sobre tela 55.8 x 66 cm. \/ 22 x 26 pulgadas 2024"},{"@type":"BreadcrumbList","@id":"https:\/\/baleazulart.com\/gallery\/producto\/ninfa-de-hoja-de-vid\/#breadcrumb","itemListElement":[{"@type":"ListItem","position":1,"name":"Portada","item":"https:\/\/baleazulart.com\/gallery\/"},{"@type":"ListItem","position":2,"name":"Ninfa de hoja de vid"}]},{"@type":"WebSite","@id":"https:\/\/baleazulart.com\/gallery\/#website","url":"https:\/\/baleazulart.com\/gallery\/","name":"Gallery ArtBA","description":"Galer\u00eda de Arte","publisher":{"@id":"https:\/\/baleazulart.com\/gallery\/#organization"},"potentialAction":[{"@type":"SearchAction","target":{"@type":"EntryPoint","urlTemplate":"https:\/\/baleazulart.com\/gallery\/?s={search_term_string}"},"query-input":{"@type":"PropertyValueSpecification","valueRequired":true,"valueName":"search_term_string"}}],"inLanguage":"es"},{"@type":"Organization","@id":"https:\/\/baleazulart.com\/gallery\/#organization","name":"Gallery ArtBA","url":"https:\/\/baleazulart.com\/gallery\/","logo":{"@type":"ImageObject","inLanguage":"es","@id":"https:\/\/baleazulart.com\/gallery\/#\/schema\/logo\/image\/","url":"https:\/\/baleazulart.com\/gallery\/wp-content\/uploads\/2024\/10\/logo-c.png","contentUrl":"https:\/\/baleazulart.com\/gallery\/wp-content\/uploads\/2024\/10\/logo-c.png","width":500,"height":500,"caption":"Gallery ArtBA"},"image":{"@id":"https:\/\/baleazulart.com\/gallery\/#\/schema\/logo\/image\/"},"sameAs":["https:\/\/www.instagram.com\/gallery_art_ba\/","https:\/\/www.tiktok.com\/@gallery.artba"]}]}},"jetpack_publicize_connections":[],"jetpack_sharing_enabled":true,"_links":{"self":[{"href":"https:\/\/baleazulart.com\/gallery\/wp-json\/wp\/v2\/product\/1594","targetHints":{"allow":["GET"]}}],"collection":[{"href":"https:\/\/baleazulart.com\/gallery\/wp-json\/wp\/v2\/product"}],"about":[{"href":"https:\/\/baleazulart.com\/gallery\/wp-json\/wp\/v2\/types\/product"}],"replies":[{"embeddable":true,"href":"https:\/\/baleazulart.com\/gallery\/wp-json\/wp\/v2\/comments?post=1594"}],"wp:featuredmedia":[{"embeddable":true,"href":"https:\/\/baleazulart.com\/gallery\/wp-json\/wp\/v2\/media\/1595"}],"wp:attachment":[{"href":"https:\/\/baleazulart.com\/gallery\/wp-json\/wp\/v2\/media?parent=1594"}],"wp:term":[{"taxonomy":"product_brand","embeddable":true,"href":"https:\/\/baleazulart.com\/gallery\/wp-json\/wp\/v2\/product_brand?post=1594"},{"taxonomy":"product_cat","embeddable":true,"href":"https:\/\/baleazulart.com\/gallery\/wp-json\/wp\/v2\/product_cat?post=1594"},{"taxonomy":"product_tag","embeddable":true,"href":"https:\/\/baleazulart.com\/gallery\/wp-json\/wp\/v2\/product_tag?post=1594"}],"curies":[{"name":"wp","href":"https:\/\/api.w.org\/{rel}","templated":true}]}}